{"id":12,"date":"2021-04-29T11:53:44","date_gmt":"2021-04-29T11:53:44","guid":{"rendered":"https:\/\/websitemaintenanceservice.in\/bogo_demo\/c4ca4238a0b923820dcc509a6f75849b\/?post_type=product&#038;p=12"},"modified":"2025-10-15T03:23:53","modified_gmt":"2025-10-15T03:23:53","slug":"v-neck-t-shirt","status":"publish","type":"product","link":"https:\/\/websitemaintenanceservice.in\/bogo_demo\/c4ca4238a0b923820dcc509a6f75849b\/product\/v-neck-t-shirt\/","title":{"rendered":"V-Neck T-Shirt"},"content":{"rendered":"<p><span style=\"vertical-align: inherit\"><span style=\"vertical-align: inherit\">As crian\u00e7as vivem com doen\u00e7as, velhice e crian\u00e7as, e sofrem com a fome e a pobreza. O vestibulum tortor quam, feugiat vitae, precisa de ultricies, que chegue a hora, antes. At\u00e9 ent\u00e3o, o futebol livre \u00e9 mais importante do que nunca. En\u00e9ias \u00e9 a inimiga da minha vida. Mauris investrat eleifend leo.<\/span><\/span><\/p>\n","protected":false},"excerpt":{"rendered":"<p><span style=\"vertical-align: inherit\"><span style=\"vertical-align: inherit\">Este \u00e9 um produto vari\u00e1vel.<\/span><\/span><\/p>\n","protected":false},"featured_media":37,"comment_status":"open","ping_status":"closed","template":"","meta":[],"product_brand":[],"product_cat":[20,17],"product_tag":[],"class_list":{"0":"post-12","1":"product","2":"type-product","3":"status-publish","4":"has-post-thumbnail","6":"product_cat-music","7":"product_cat-tshirts","9":"first","10":"instock","11":"featured","12":"shipping-taxable","13":"purchasable","14":"product-type-variable"},"_links":{"self":[{"href":"https:\/\/websitemaintenanceservice.in\/bogo_demo\/c4ca4238a0b923820dcc509a6f75849b\/wp-json\/wp\/v2\/product\/12","targetHints":{"allow":["GET"]}}],"collection":[{"href":"https:\/\/websitemaintenanceservice.in\/bogo_demo\/c4ca4238a0b923820dcc509a6f75849b\/wp-json\/wp\/v2\/product"}],"about":[{"href":"https:\/\/websitemaintenanceservice.in\/bogo_demo\/c4ca4238a0b923820dcc509a6f75849b\/wp-json\/wp\/v2\/types\/product"}],"replies":[{"embeddable":true,"href":"https:\/\/websitemaintenanceservice.in\/bogo_demo\/c4ca4238a0b923820dcc509a6f75849b\/wp-json\/wp\/v2\/comments?post=12"}],"wp:featuredmedia":[{"embeddable":true,"href":"https:\/\/websitemaintenanceservice.in\/bogo_demo\/c4ca4238a0b923820dcc509a6f75849b\/wp-json\/wp\/v2\/media\/37"}],"wp:attachment":[{"href":"https:\/\/websitemaintenanceservice.in\/bogo_demo\/c4ca4238a0b923820dcc509a6f75849b\/wp-json\/wp\/v2\/media?parent=12"}],"wp:term":[{"taxonomy":"product_brand","embeddable":true,"href":"https:\/\/websitemaintenanceservice.in\/bogo_demo\/c4ca4238a0b923820dcc509a6f75849b\/wp-json\/wp\/v2\/product_brand?post=12"},{"taxonomy":"product_cat","embeddable":true,"href":"https:\/\/websitemaintenanceservice.in\/bogo_demo\/c4ca4238a0b923820dcc509a6f75849b\/wp-json\/wp\/v2\/product_cat?post=12"},{"taxonomy":"product_tag","embeddable":true,"href":"https:\/\/websitemaintenanceservice.in\/bogo_demo\/c4ca4238a0b923820dcc509a6f75849b\/wp-json\/wp\/v2\/product_tag?post=12"}],"curies":[{"name":"wp","href":"https:\/\/api.w.org\/{rel}","templated":true}]}}